{"id":11963,"date":"2025-11-05T11:53:30","date_gmt":"2025-11-05T16:53:30","guid":{"rendered":"https:\/\/edus.gov.co\/?page_id=11963"},"modified":"2025-11-12T13:18:57","modified_gmt":"2025-11-12T18:18:57","slug":"participa","status":"publish","type":"page","link":"https:\/\/edus.gov.co\/en\/participa\/","title":{"rendered":"Participa"},"content":{"rendered":"<div data-elementor-type=\"wp-page\" data-elementor-id=\"11963\" class=\"elementor elementor-11963\" data-elementor-post-type=\"page\">\n\t\t\t\t<div class=\"elementor-element elementor-element-7cef833 e-flex e-con-boxed e-con e-parent\" data-id=\"7cef833\" data-element_type=\"container\">\n\t\t\t\t\t<div class=\"e-con-inner\">\n\t\t\t\t<div class=\"elementor-element elementor-element-945f4a9 elementor-widget elementor-widget-spacer\" data-id=\"945f4a9\" data-element_type=\"widget\" data-widget_type=\"spacer.default\">\n\t\t\t\t<div class=\"elementor-widget-container\">\n\t\t\t\t\t\t\t<div class=\"elementor-spacer\">\n\t\t\t<div class=\"elementor-spacer-inner\"><\/div>\n\t\t<\/div>\n\t\t\t\t\t\t<\/div>\n\t\t\t\t<\/div>\n\t\t\t\t<div class=\"elementor-element elementor-element-d3ea147 elementor-invisible elementor-widget elementor-widget-heading\" data-id=\"d3ea147\" data-element_type=\"widget\" data-settings=\"{&quot;_animation&quot;:&quot;fadeInLeft&quot;}\" data-widget_type=\"heading.default\">\n\t\t\t\t<div class=\"elementor-widget-container\">\n\t\t\t\t\t<h1 class=\"elementor-heading-title elementor-size-default\">Participa<\/h1>\t\t\t\t<\/div>\n\t\t\t\t<\/div>\n\t\t\t\t<div class=\"elementor-element elementor-element-888f2d9 elementor-invisible elementor-widget elementor-widget-heading\" data-id=\"888f2d9\" data-element_type=\"widget\" data-settings=\"{&quot;_animation&quot;:&quot;fadeInLeft&quot;,&quot;_animation_delay&quot;:200}\" data-widget_type=\"heading.default\">\n\t\t\t\t<div class=\"elementor-widget-container\">\n\t\t\t\t\t<h4 class=\"elementor-heading-title elementor-size-default\">District Company for Sustainable Urban Development and Renewal of Santa Marta<\/h4>\t\t\t\t<\/div>\n\t\t\t\t<\/div>\n\t\t\t\t<div class=\"elementor-element elementor-element-2ff116e animated-slow elementor-widget-divider--view-line elementor-invisible elementor-widget elementor-widget-divider\" data-id=\"2ff116e\" data-element_type=\"widget\" data-settings=\"{&quot;_animation&quot;:&quot;fadeIn&quot;}\" data-widget_type=\"divider.default\">\n\t\t\t\t<div class=\"elementor-widget-container\">\n\t\t\t\t\t\t\t<div class=\"elementor-divider\">\n\t\t\t<span class=\"elementor-divider-separator\">\n\t\t\t\t\t\t<\/span>\n\t\t<\/div>\n\t\t\t\t\t\t<\/div>\n\t\t\t\t<\/div>\n\t\t\t\t<div class=\"elementor-element elementor-element-8a358c9 elementor-widget elementor-widget-text-editor\" data-id=\"8a358c9\" data-element_type=\"widget\" data-widget_type=\"text-editor.default\">\n\t\t\t\t<div class=\"elementor-widget-container\">\n\t\t\t\t\t\t\t\t\t<p style=\"text-align: center;\">Aqu\u00ed encontrar\u00e1 informaci\u00f3n sobre los espacios, mecanismos y acciones que <strong>la Empresa Distrital De Desarrollo Y Renovaci\u00f3n Urbano Sostenible &#8211; EDUS<\/strong> implementa en cumplimiento de la Pol\u00edtica de Participaci\u00f3n Ciudadana en la gesti\u00f3n p\u00fablica, con el prop\u00f3sito de fortalecer la vinculaci\u00f3n de la ciudadan\u00eda, grupos de inter\u00e9s y de valor, en las decisiones y acciones p\u00fablicas, durante las fases del ciclo de la gesti\u00f3n p\u00fablica (diagn\u00f3stico, formulaci\u00f3n, implementaci\u00f3n, evaluaci\u00f3n y seguimiento), a partir de lo establecido en la Ley 1757 de 2015, la Ley 1712 de 2014, la Ley 489 de 1998, el Decreto 1499 de 2017, la Resoluci\u00f3n 1519 de 2020 del Ministerio de Tecnolog\u00edas de la informaci\u00f3n y las Comunicaciones, as\u00ed como los lineamientos y orientaciones del Departamento Administrativo de la Funci\u00f3n P\u00fablica<\/p>\t\t\t\t\t\t\t\t<\/div>\n\t\t\t\t<\/div>\n\t\t\t\t<div class=\"elementor-element elementor-element-de75e8f elementor-widget elementor-widget-spacer\" data-id=\"de75e8f\" data-element_type=\"widget\" data-widget_type=\"spacer.default\">\n\t\t\t\t<div class=\"elementor-widget-container\">\n\t\t\t\t\t\t\t<div class=\"elementor-spacer\">\n\t\t\t<div class=\"elementor-spacer-inner\"><\/div>\n\t\t<\/div>\n\t\t\t\t\t\t<\/div>\n\t\t\t\t<\/div>\n\t\t\t\t<div class=\"elementor-element elementor-element-f727fa9 elementor-invisible elementor-widget elementor-widget-text-editor\" data-id=\"f727fa9\" data-element_type=\"widget\" data-settings=\"{&quot;_animation&quot;:&quot;fadeInUp&quot;}\" data-widget_type=\"text-editor.default\">\n\t\t\t\t<div class=\"elementor-widget-container\">\n\t\t\t\t\t\t\t\t\t<h2><strong>6.Descripci\u00f3n General.<\/strong><\/h2><p><strong>6.1.1.<\/strong>\u00a0<a href=\"https:\/\/edus.gov.co\/wp-content\/uploads\/2025\/11\/DESCRIPCION-DEL-MENU-PARTICIPA-.pdf\" target=\"_blank\" rel=\"noopener\">Descripci\u00f3n General del Men\u00fa Participa.<\/a><br \/><strong>6.1.2.<\/strong>\u00a0<a href=\"https:\/\/edus.gov.co\/wp-content\/uploads\/2025\/11\/ESTRATEGIA-DE-PARTICIPACION-CIUDADANA.pdf\" target=\"_blank\" rel=\"noopener\">Publicar la informaci\u00f3n sobre los mecanismos, espacios o instancias del Men\u00fa Participa.<\/a><br \/><strong>6.1.3.<\/strong>\u00a0<a href=\"https:\/\/edus.gov.co\/wp-content\/uploads\/2025\/11\/ESTRATEGIA-DE-PARTICIPACION-CIUDADANA.pdf\" target=\"_blank\" rel=\"noopener\">Publicar la Estrategia de participaci\u00f3n ciudadana<\/a>.<br \/><strong>6.1.4.<\/strong>\u00a0<a href=\"https:\/\/edus.gov.co\/wp-content\/uploads\/2025\/11\/INFORME-DE-GESTION-2024-.pdf\" target=\"_blank\" rel=\"noopener\">Publicar la Estrategia anual de rendici\u00f3n de cuentas.<\/a><br \/><strong>6.1.5.<\/strong><a href=\"https:\/\/edus.gov.co\/wp-content\/uploads\/2025\/11\/PLAN-INSTITUCIONAL-PROGRAMA-DE-INTEGRIDAD-Y-ETICA-PUBLICA-2025-copia-1.xlsx\" target=\"_blank\" rel=\"noopener\">\u00a0Publicar el Plan Anticorrupci\u00f3n y de Atenci\u00f3n al Ciudadano (PAAC).<\/a><br \/><strong>6.1.6.<\/strong>\u00a0<a href=\"https:\/\/edus.gov.co\/wp-content\/uploads\/2025\/11\/INFORME-DE-RENDICION-DE-CUENRTA-GENERAL.pdf\" target=\"_blank\" rel=\"noopener\">Publicaci\u00f3n de informes de rendici\u00f3n de cuentas generales.<\/a><br \/>&#8211; <a href=\"https:\/\/edus.gov.co\/wp-content\/uploads\/2025\/11\/ESTRATEGIA-ANUAL-DE-RENDICION-DE-CUENTAS.pdf\" target=\"_blank\" rel=\"noopener\">Estrategia anual de rendici\u00f3n de cuentas<\/a> <br \/><strong>6.1.7.<\/strong>\u00a0<a href=\"https:\/\/edus.gov.co\/wp-content\/uploads\/2025\/11\/PARTICIPACION-CIUDADANA.pdf\" target=\"_blank\" rel=\"noopener\">Convocatorias para la participaci\u00f3n de la ciudadan\u00eda y grupos de valor en los espacios, instancias o acciones que ofrece la entidad<\/a>.<br \/><a href=\"https:\/\/forms.office.com\/r\/iWbGneNAkU\" target=\"_blank\" rel=\"noopener\">Enlace participacion<\/a><br \/><a href=\"https:\/\/forms.office.com\/r\/XPcHAwMHcd\" target=\"_blank\" rel=\"noopener\">Enlace Inscripcion a participacion ciudadana<\/a><br \/><strong>6.1.8.<\/strong>\u00a0<a href=\"https:\/\/edus.gov.co\/wp-content\/uploads\/2025\/11\/CALENDARIO-DE-SOCIALIZACION-.pdf\" target=\"_blank\" rel=\"noopener\">Calendario de la estrategia anual de participaci\u00f3n ciudadana<\/a>.<br \/><strong>6.1.9.<\/strong>\u00a0<a href=\"https:\/\/forms.office.com\/r\/iWbGneNAkU\" target=\"_blank\" rel=\"noopener\">Formulario de inscripci\u00f3n ciudadana a procesos de participaci\u00f3n, instancias o acciones que ofrece la entidad.<\/a><br \/><strong>6.1.10.<\/strong><a href=\"https:\/\/forms.office.com\/r\/iWbGneNAkU\" target=\"_blank\" rel=\"noopener\">\u00a0Canal de interacci\u00f3n de liberatoria para la participaci\u00f3n ciudadana.<\/a>\u00a0<br \/><strong>6.1.11<\/strong> <a href=\"https:\/\/edus.gov.co\/wp-content\/uploads\/2025\/11\/ESTRATEGIA-DE-RENDICION-DE-CUENTA.pdf\" target=\"_blank\" rel=\"noopener\">Estrategia de Rendicion de cuenta<\/a><\/p>\t\t\t\t\t\t\t\t<\/div>\n\t\t\t\t<\/div>\n\t\t\t\t<div class=\"elementor-element elementor-element-c49cf7d elementor-widget elementor-widget-text-editor\" data-id=\"c49cf7d\" data-element_type=\"widget\" data-widget_type=\"text-editor.default\">\n\t\t\t\t<div class=\"elementor-widget-container\">\n\t\t\t\t\t\t\t\t\t<h3><strong>6.2 Estructura y Secciones del men\u00fa \u201cPARTICIPA\u201d.<\/strong><\/h3><p>6.2.1 <a href=\"https:\/\/edus.gov.co\/wp-content\/uploads\/2025\/11\/ESTRATEGIA-DE-PARTICIPACION-CIUDADANA-1.pdf\" target=\"_blank\" rel=\"noopener\">Diagn\u00f3stico e identificaci\u00f3n de problemas<\/a>.<br \/>6.2.2 <a href=\"https:\/\/edus.gov.co\/wp-content\/uploads\/2025\/11\/PORCENTAJE-PRESUPUESTO-PARTICIPATIVO-2025.pdf\" target=\"_blank\" rel=\"noopener\">Planeaci\u00f3n y presupuesto participativo<\/a>.<br \/>6.2.3 <a href=\"https:\/\/edus.gov.co\/wp-content\/uploads\/2025\/11\/TABLA-DE-DECISIONES-TOMADAS-2025.pdf\" target=\"_blank\" rel=\"noopener\">Consulta Ciudadana.<\/a><br \/>6.2.4<a href=\"https:\/\/edus.gov.co\/wp-content\/uploads\/2025\/11\/ESTRATEGIA-DE-PARTICIPACION-CIUDADANA-1.pdf\" target=\"_blank\" rel=\"noopener\"> Colaboraci\u00f3n e innovaci\u00f3n.<\/a><br \/>6.2.5 <a href=\"https:\/\/edus.gov.co\/wp-content\/uploads\/2025\/11\/INFORME-DE-GESTION-2024-.pdf\" target=\"_blank\" rel=\"noopener\">Rendici\u00f3n de cuentas<\/a>.<br \/>6.2.6 <a href=\"https:\/\/edusgovco-my.sharepoint.com\/:f:\/g\/personal\/sistemas_edusgovco_onmicrosoft_com\/EiE-ror4RmtNt1sNyxF7PxoBEV8oLfCyh0DJE9Q9rwRHrg?e=t1Hheo\" target=\"_blank\" rel=\"noopener\">Control social<\/a>.<\/p>\t\t\t\t\t\t\t\t<\/div>\n\t\t\t\t<\/div>\n\t\t\t\t<div class=\"elementor-element elementor-element-e50a417 elementor-widget elementor-widget-spacer\" data-id=\"e50a417\" data-element_type=\"widget\" data-widget_type=\"spacer.default\">\n\t\t\t\t<div class=\"elementor-widget-container\">\n\t\t\t\t\t\t\t<div class=\"elementor-spacer\">\n\t\t\t<div class=\"elementor-spacer-inner\"><\/div>\n\t\t<\/div>\n\t\t\t\t\t\t<\/div>\n\t\t\t\t<\/div>\n\t\t\t\t\t<\/div>\n\t\t\t\t<\/div>\n\t\t<div class=\"elementor-element elementor-element-3429c36 e-flex e-con-boxed e-con e-parent\" data-id=\"3429c36\" data-element_type=\"container\">\n\t\t\t\t\t<div class=\"e-con-inner\">\n\t\t\t\t<div class=\"elementor-element elementor-element-1578690 elementor-widget-divider--view-line elementor-widget elementor-widget-divider\" data-id=\"1578690\" data-element_type=\"widget\" data-widget_type=\"divider.default\">\n\t\t\t\t<div class=\"elementor-widget-container\">\n\t\t\t\t\t\t\t<div class=\"elementor-divider\">\n\t\t\t<span class=\"elementor-divider-separator\">\n\t\t\t\t\t\t<\/span>\n\t\t<\/div>\n\t\t\t\t\t\t<\/div>\n\t\t\t\t<\/div>\n\t\t\t\t\t<\/div>\n\t\t\t\t<\/div>\n\t\t\t\t<\/div>","protected":false},"excerpt":{"rendered":"<p>Participa Empresa Distrital de Desarrollo y Renovaci\u00f3n Urbano Sostenible de Santa Marta Aqu\u00ed encontrar\u00e1 informaci\u00f3n sobre los espacios, mecanismos y acciones que la Empresa Distrital De Desarrollo Y Renovaci\u00f3n Urbano Sostenible &#8211; EDUS implementa en cumplimiento de la Pol\u00edtica de Participaci\u00f3n Ciudadana en la gesti\u00f3n p\u00fablica, con el prop\u00f3sito de fortalecer la vinculaci\u00f3n de la [&hellip;]<\/p>","protected":false},"author":1,"featured_media":0,"parent":0,"menu_order":0,"comment_status":"closed","ping_status":"closed","template":"","meta":{"site-sidebar-layout":"no-sidebar","site-content-layout":"plain-container","ast-site-content-layout":"default","site-content-style":"default","site-sidebar-style":"default","ast-global-header-display":"","ast-banner-title-visibility":"","ast-main-header-display":"","ast-hfb-above-header-display":"","ast-hfb-below-header-display":"","ast-hfb-mobile-header-display":"","site-post-title":"disabled","ast-breadcrumbs-content":"","ast-featured-img":"disabled","footer-sml-layout":"","ast-disable-related-posts":"","theme-transparent-header-meta":"default","adv-header-id-meta":"","stick-header-meta":"","header-above-stick-meta":"","header-main-stick-meta":"","header-below-stick-meta":"","astra-migrate-meta-layouts":"set","ast-page-background-enabled":"default","ast-page-background-meta":{"desktop":{"background-color":"var(--ast-global-color-4)","background-image":"","background-repeat":"repeat","background-position":"center center","background-size":"auto","background-attachment":"scroll","background-type":"","background-media":"","overlay-type":"","overlay-color":"","overlay-opacity":"","overlay-gradient":""},"tablet":{"background-color":"","background-image":"","background-repeat":"repeat","background-position":"center center","background-size":"auto","background-attachment":"scroll","background-type":"","background-media":"","overlay-type":"","overlay-color":"","overlay-opacity":"","overlay-gradient":""},"mobile":{"background-color":"","background-image":"","background-repeat":"repeat","background-position":"center center","background-size":"auto","background-attachment":"scroll","background-type":"","background-media":"","overlay-type":"","overlay-color":"","overlay-opacity":"","overlay-gradient":""}},"ast-content-background-meta":{"desktop":{"background-color":"var(--ast-global-color-5)","background-image":"","background-repeat":"repeat","background-position":"center center","background-size":"auto","background-attachment":"scroll","background-type":"","background-media":"","overlay-type":"","overlay-color":"","overlay-opacity":"","overlay-gradient":""},"tablet":{"background-color":"var(--ast-global-color-5)","background-image":"","background-repeat":"repeat","background-position":"center center","background-size":"auto","background-attachment":"scroll","background-type":"","background-media":"","overlay-type":"","overlay-color":"","overlay-opacity":"","overlay-gradient":""},"mobile":{"background-color":"var(--ast-global-color-5)","background-image":"","background-repeat":"repeat","background-position":"center center","background-size":"auto","background-attachment":"scroll","background-type":"","background-media":"","overlay-type":"","overlay-color":"","overlay-opacity":"","overlay-gradient":""}},"footnotes":""},"class_list":["post-11963","page","type-page","status-publish","hentry"],"_links":{"self":[{"href":"https:\/\/edus.gov.co\/en\/wp-json\/wp\/v2\/pages\/11963","targetHints":{"allow":["GET"]}}],"collection":[{"href":"https:\/\/edus.gov.co\/en\/wp-json\/wp\/v2\/pages"}],"about":[{"href":"https:\/\/edus.gov.co\/en\/wp-json\/wp\/v2\/types\/page"}],"author":[{"embeddable":true,"href":"https:\/\/edus.gov.co\/en\/wp-json\/wp\/v2\/users\/1"}],"replies":[{"embeddable":true,"href":"https:\/\/edus.gov.co\/en\/wp-json\/wp\/v2\/comments?post=11963"}],"version-history":[{"count":85,"href":"https:\/\/edus.gov.co\/en\/wp-json\/wp\/v2\/pages\/11963\/revisions"}],"predecessor-version":[{"id":12178,"href":"https:\/\/edus.gov.co\/en\/wp-json\/wp\/v2\/pages\/11963\/revisions\/12178"}],"wp:attachment":[{"href":"https:\/\/edus.gov.co\/en\/wp-json\/wp\/v2\/media?parent=11963"}],"curies":[{"name":"wp","href":"https:\/\/api.w.org\/{rel}","templated":true}]}}